{"id":19444,"date":"2025-09-24T14:51:10","date_gmt":"2025-09-24T12:51:10","guid":{"rendered":"https:\/\/tenere-spirit-experience.com\/basket\/"},"modified":"2025-10-08T12:08:36","modified_gmt":"2025-10-08T10:08:36","slug":"basket","status":"publish","type":"page","link":"https:\/\/tenere-spirit-experience.com\/en\/basket\/","title":{"rendered":"BASKET"},"content":{"rendered":"\t\t<div data-elementor-type=\"wp-page\" data-elementor-id=\"19444\" class=\"elementor elementor-19444 elementor-18977\" data-elementor-post-type=\"page\">\n\t\t\t\t<div class=\"elementor-element elementor-element-c29a9d5 e-flex e-con-boxed e-con e-parent\" data-id=\"c29a9d5\" data-element_type=\"container\" data-e-type=\"container\" data-settings=\"{&quot;jet_parallax_layout_list&quot;:[]}\">\n\t\t\t\t\t<div class=\"e-con-inner\">\n\t\t\t\t\t<\/div>\n\t\t\t\t<\/div>\n\t\t\t\t<\/div>\n\t\t","protected":false},"excerpt":{"rendered":"<p>Supprimer l\u2019\u00e9l\u00e9ment Miniature Produit Prix Quantit\u00e9 Sous-total AFRICA ECO RACE &#8211; Racing Choisir son pack d&#8217;assistance : Pack d&#8217;assistance Racing [&hellip;]<\/p>\n","protected":false},"author":1,"featured_media":0,"parent":0,"menu_order":0,"comment_status":"closed","ping_status":"closed","template":"","meta":{"_acf_changed":false,"site-sidebar-layout":"no-sidebar","site-content-layout":"","ast-site-content-layout":"full-width-container","site-content-style":"default","site-sidebar-style":"default","ast-global-header-display":"","ast-banner-title-visibility":"","ast-main-header-display":"","ast-hfb-above-header-display":"","ast-hfb-below-header-display":"","ast-hfb-mobile-header-display":"","site-post-title":"disabled","ast-breadcrumbs-content":"","ast-featured-img":"disabled","footer-sml-layout":"","theme-transparent-header-meta":"","adv-header-id-meta":"","stick-header-meta":"","header-above-stick-meta":"","header-main-stick-meta":"","header-below-stick-meta":"","astra-migrate-meta-layouts":"default","ast-page-background-enabled":"default","ast-page-background-meta":{"desktop":{"background-color":"var(--ast-global-color-4)","background-image":"","background-repeat":"repeat","background-position":"center center","background-size":"auto","background-attachment":"scroll","background-type":"","background-media":"","overlay-type":"","overlay-color":"","overlay-opacity":"","overlay-gradient":""},"tablet":{"background-color":"","background-image":"","background-repeat":"repeat","background-position":"center center","background-size":"auto","background-attachment":"scroll","background-type":"","background-media":"","overlay-type":"","overlay-color":"","overlay-opacity":"","overlay-gradient":""},"mobile":{"background-color":"","background-image":"","background-repeat":"repeat","background-position":"center center","background-size":"auto","background-attachment":"scroll","background-type":"","background-media":"","overlay-type":"","overlay-color":"","overlay-opacity":"","overlay-gradient":""}},"ast-content-background-meta":{"desktop":{"background-color":"var(--ast-global-color-5)","background-image":"","background-repeat":"repeat","background-position":"center center","background-size":"auto","background-attachment":"scroll","background-type":"","background-media":"","overlay-type":"","overlay-color":"","overlay-opacity":"","overlay-gradient":""},"tablet":{"background-color":"var(--ast-global-color-5)","background-image":"","background-repeat":"repeat","background-position":"center center","background-size":"auto","background-attachment":"scroll","background-type":"","background-media":"","overlay-type":"","overlay-color":"","overlay-opacity":"","overlay-gradient":""},"mobile":{"background-color":"var(--ast-global-color-5)","background-image":"","background-repeat":"repeat","background-position":"center center","background-size":"auto","background-attachment":"scroll","background-type":"","background-media":"","overlay-type":"","overlay-color":"","overlay-opacity":"","overlay-gradient":""}},"footnotes":""},"class_list":["post-19444","page","type-page","status-publish","hentry"],"acf":[],"yoast_head":"<!-- This site is optimized with the Yoast SEO plugin v27.1.1 - https:\/\/yoast.com\/product\/yoast-seo-wordpress\/ -->\n<title>BASKET - T\u00e9n\u00e9r\u00e9 Spirit Experience<\/title>\n<meta name=\"robots\" content=\"index, follow, max-snippet:-1, max-image-preview:large, max-video-preview:-1\" \/>\n<link rel=\"canonical\" href=\"https:\/\/tenere-spirit-experience.com\/en\/basket\/\" \/>\n<meta property=\"og:locale\" content=\"en_US\" \/>\n<meta property=\"og:type\" content=\"article\" \/>\n<meta property=\"og:title\" content=\"BASKET - T\u00e9n\u00e9r\u00e9 Spirit Experience\" \/>\n<meta property=\"og:description\" content=\"Supprimer l\u2019\u00e9l\u00e9ment Miniature Produit Prix Quantit\u00e9 Sous-total AFRICA ECO RACE &#8211; Racing Choisir son pack d&#8217;assistance : Pack d&#8217;assistance Racing [&hellip;]\" \/>\n<meta property=\"og:url\" content=\"https:\/\/tenere-spirit-experience.com\/en\/basket\/\" \/>\n<meta property=\"og:site_name\" content=\"T\u00e9n\u00e9r\u00e9 Spirit Experience\" \/>\n<meta property=\"article:modified_time\" content=\"2025-10-08T10:08:36+00:00\" \/>\n<meta property=\"og:image\" content=\"https:\/\/tenere-spirit-experience.com\/wp-content\/uploads\/2025\/08\/africa-eco-race-2026-300x300.png\" \/>\n<meta name=\"twitter:card\" content=\"summary_large_image\" \/>\n<script type=\"application\/ld+json\" class=\"yoast-schema-graph\">{\"@context\":\"https:\/\/schema.org\",\"@graph\":[{\"@type\":\"WebPage\",\"@id\":\"https:\/\/tenere-spirit-experience.com\/en\/basket\/\",\"url\":\"https:\/\/tenere-spirit-experience.com\/en\/basket\/\",\"name\":\"BASKET - T\u00e9n\u00e9r\u00e9 Spirit Experience\",\"isPartOf\":{\"@id\":\"https:\/\/tenere-spirit-experience.com\/#website\"},\"primaryImageOfPage\":{\"@id\":\"https:\/\/tenere-spirit-experience.com\/en\/basket\/#primaryimage\"},\"image\":{\"@id\":\"https:\/\/tenere-spirit-experience.com\/en\/basket\/#primaryimage\"},\"thumbnailUrl\":\"https:\/\/tenere-spirit-experience.com\/wp-content\/uploads\/2025\/08\/africa-eco-race-2026-300x300.png\",\"datePublished\":\"2025-09-24T12:51:10+00:00\",\"dateModified\":\"2025-10-08T10:08:36+00:00\",\"breadcrumb\":{\"@id\":\"https:\/\/tenere-spirit-experience.com\/en\/basket\/#breadcrumb\"},\"inLanguage\":\"en-US\",\"potentialAction\":[{\"@type\":\"ReadAction\",\"target\":[\"https:\/\/tenere-spirit-experience.com\/en\/basket\/\"]}]},{\"@type\":\"ImageObject\",\"inLanguage\":\"en-US\",\"@id\":\"https:\/\/tenere-spirit-experience.com\/en\/basket\/#primaryimage\",\"url\":\"https:\/\/tenere-spirit-experience.com\/wp-content\/uploads\/2025\/08\/africa-eco-race-2026-300x300.png\",\"contentUrl\":\"https:\/\/tenere-spirit-experience.com\/wp-content\/uploads\/2025\/08\/africa-eco-race-2026-300x300.png\"},{\"@type\":\"BreadcrumbList\",\"@id\":\"https:\/\/tenere-spirit-experience.com\/en\/basket\/#breadcrumb\",\"itemListElement\":[{\"@type\":\"ListItem\",\"position\":1,\"name\":\"Home\",\"item\":\"https:\/\/tenere-spirit-experience.com\/en\/accueil-2025\/\"},{\"@type\":\"ListItem\",\"position\":2,\"name\":\"BASKET\"}]},{\"@type\":\"WebSite\",\"@id\":\"https:\/\/tenere-spirit-experience.com\/#website\",\"url\":\"https:\/\/tenere-spirit-experience.com\/\",\"name\":\"T\u00e9n\u00e9r\u00e9 Spirit Experience\",\"description\":\"Le Rallye Raid en immersion\",\"publisher\":{\"@id\":\"https:\/\/tenere-spirit-experience.com\/#organization\"},\"alternateName\":\"TSE-MBSM\",\"potentialAction\":[{\"@type\":\"SearchAction\",\"target\":{\"@type\":\"EntryPoint\",\"urlTemplate\":\"https:\/\/tenere-spirit-experience.com\/?s={search_term_string}\"},\"query-input\":{\"@type\":\"PropertyValueSpecification\",\"valueRequired\":true,\"valueName\":\"search_term_string\"}}],\"inLanguage\":\"en-US\"},{\"@type\":\"Organization\",\"@id\":\"https:\/\/tenere-spirit-experience.com\/#organization\",\"name\":\"T\u00e9n\u00e9r\u00e9 Spirit Experience\",\"alternateName\":\"TSE-MBSM\",\"url\":\"https:\/\/tenere-spirit-experience.com\/\",\"logo\":{\"@type\":\"ImageObject\",\"inLanguage\":\"en-US\",\"@id\":\"https:\/\/tenere-spirit-experience.com\/#\/schema\/logo\/image\/\",\"url\":\"https:\/\/tenere-spirit-experience.com\/wp-content\/uploads\/2022\/12\/Logo-YTSE-MBSM-4.png\",\"contentUrl\":\"https:\/\/tenere-spirit-experience.com\/wp-content\/uploads\/2022\/12\/Logo-YTSE-MBSM-4.png\",\"width\":3386,\"height\":574,\"caption\":\"T\u00e9n\u00e9r\u00e9 Spirit Experience\"},\"image\":{\"@id\":\"https:\/\/tenere-spirit-experience.com\/#\/schema\/logo\/image\/\"}}]}<\/script>\n<!-- \/ Yoast SEO plugin. -->","yoast_head_json":{"title":"BASKET - T\u00e9n\u00e9r\u00e9 Spirit Experience","robots":{"index":"index","follow":"follow","max-snippet":"max-snippet:-1","max-image-preview":"max-image-preview:large","max-video-preview":"max-video-preview:-1"},"canonical":"https:\/\/tenere-spirit-experience.com\/en\/basket\/","og_locale":"en_US","og_type":"article","og_title":"BASKET - T\u00e9n\u00e9r\u00e9 Spirit Experience","og_description":"Supprimer l\u2019\u00e9l\u00e9ment Miniature Produit Prix Quantit\u00e9 Sous-total AFRICA ECO RACE &#8211; Racing Choisir son pack d&#8217;assistance : Pack d&#8217;assistance Racing [&hellip;]","og_url":"https:\/\/tenere-spirit-experience.com\/en\/basket\/","og_site_name":"T\u00e9n\u00e9r\u00e9 Spirit Experience","article_modified_time":"2025-10-08T10:08:36+00:00","og_image":[{"url":"https:\/\/tenere-spirit-experience.com\/wp-content\/uploads\/2025\/08\/africa-eco-race-2026-300x300.png","type":"","width":"","height":""}],"twitter_card":"summary_large_image","schema":{"@context":"https:\/\/schema.org","@graph":[{"@type":"WebPage","@id":"https:\/\/tenere-spirit-experience.com\/en\/basket\/","url":"https:\/\/tenere-spirit-experience.com\/en\/basket\/","name":"BASKET - T\u00e9n\u00e9r\u00e9 Spirit Experience","isPartOf":{"@id":"https:\/\/tenere-spirit-experience.com\/#website"},"primaryImageOfPage":{"@id":"https:\/\/tenere-spirit-experience.com\/en\/basket\/#primaryimage"},"image":{"@id":"https:\/\/tenere-spirit-experience.com\/en\/basket\/#primaryimage"},"thumbnailUrl":"https:\/\/tenere-spirit-experience.com\/wp-content\/uploads\/2025\/08\/africa-eco-race-2026-300x300.png","datePublished":"2025-09-24T12:51:10+00:00","dateModified":"2025-10-08T10:08:36+00:00","breadcrumb":{"@id":"https:\/\/tenere-spirit-experience.com\/en\/basket\/#breadcrumb"},"inLanguage":"en-US","potentialAction":[{"@type":"ReadAction","target":["https:\/\/tenere-spirit-experience.com\/en\/basket\/"]}]},{"@type":"ImageObject","inLanguage":"en-US","@id":"https:\/\/tenere-spirit-experience.com\/en\/basket\/#primaryimage","url":"https:\/\/tenere-spirit-experience.com\/wp-content\/uploads\/2025\/08\/africa-eco-race-2026-300x300.png","contentUrl":"https:\/\/tenere-spirit-experience.com\/wp-content\/uploads\/2025\/08\/africa-eco-race-2026-300x300.png"},{"@type":"BreadcrumbList","@id":"https:\/\/tenere-spirit-experience.com\/en\/basket\/#breadcrumb","itemListElement":[{"@type":"ListItem","position":1,"name":"Home","item":"https:\/\/tenere-spirit-experience.com\/en\/accueil-2025\/"},{"@type":"ListItem","position":2,"name":"BASKET"}]},{"@type":"WebSite","@id":"https:\/\/tenere-spirit-experience.com\/#website","url":"https:\/\/tenere-spirit-experience.com\/","name":"T\u00e9n\u00e9r\u00e9 Spirit Experience","description":"Le Rallye Raid en immersion","publisher":{"@id":"https:\/\/tenere-spirit-experience.com\/#organization"},"alternateName":"TSE-MBSM","potentialAction":[{"@type":"SearchAction","target":{"@type":"EntryPoint","urlTemplate":"https:\/\/tenere-spirit-experience.com\/?s={search_term_string}"},"query-input":{"@type":"PropertyValueSpecification","valueRequired":true,"valueName":"search_term_string"}}],"inLanguage":"en-US"},{"@type":"Organization","@id":"https:\/\/tenere-spirit-experience.com\/#organization","name":"T\u00e9n\u00e9r\u00e9 Spirit Experience","alternateName":"TSE-MBSM","url":"https:\/\/tenere-spirit-experience.com\/","logo":{"@type":"ImageObject","inLanguage":"en-US","@id":"https:\/\/tenere-spirit-experience.com\/#\/schema\/logo\/image\/","url":"https:\/\/tenere-spirit-experience.com\/wp-content\/uploads\/2022\/12\/Logo-YTSE-MBSM-4.png","contentUrl":"https:\/\/tenere-spirit-experience.com\/wp-content\/uploads\/2022\/12\/Logo-YTSE-MBSM-4.png","width":3386,"height":574,"caption":"T\u00e9n\u00e9r\u00e9 Spirit Experience"},"image":{"@id":"https:\/\/tenere-spirit-experience.com\/#\/schema\/logo\/image\/"}}]}},"_links":{"self":[{"href":"https:\/\/tenere-spirit-experience.com\/en\/wp-json\/wp\/v2\/pages\/19444","targetHints":{"allow":["GET"]}}],"collection":[{"href":"https:\/\/tenere-spirit-experience.com\/en\/wp-json\/wp\/v2\/pages"}],"about":[{"href":"https:\/\/tenere-spirit-experience.com\/en\/wp-json\/wp\/v2\/types\/page"}],"author":[{"embeddable":true,"href":"https:\/\/tenere-spirit-experience.com\/en\/wp-json\/wp\/v2\/users\/1"}],"replies":[{"embeddable":true,"href":"https:\/\/tenere-spirit-experience.com\/en\/wp-json\/wp\/v2\/comments?post=19444"}],"version-history":[{"count":1,"href":"https:\/\/tenere-spirit-experience.com\/en\/wp-json\/wp\/v2\/pages\/19444\/revisions"}],"predecessor-version":[{"id":19446,"href":"https:\/\/tenere-spirit-experience.com\/en\/wp-json\/wp\/v2\/pages\/19444\/revisions\/19446"}],"wp:attachment":[{"href":"https:\/\/tenere-spirit-experience.com\/en\/wp-json\/wp\/v2\/media?parent=19444"}],"curies":[{"name":"wp","href":"https:\/\/api.w.org\/{rel}","templated":true}]}}