{"id":3964,"date":"2022-11-24T17:23:41","date_gmt":"2022-11-24T16:23:41","guid":{"rendered":"https:\/\/tenere-spirit-experience.com\/registered-request\/"},"modified":"2025-07-11T18:59:33","modified_gmt":"2025-07-11T16:59:33","slug":"registered-request","status":"publish","type":"page","link":"https:\/\/tenere-spirit-experience.com\/en\/registered-request\/","title":{"rendered":"Registered request"},"content":{"rendered":"\t\t<div data-elementor-type=\"wp-page\" data-elementor-id=\"3964\" class=\"elementor elementor-3964 elementor-1017\" data-elementor-post-type=\"page\">\n\t\t\t\t\t\t<section class=\"elementor-section elementor-top-section elementor-element elementor-element-4f30926 elementor-section-full_width elementor-section-height-min-height elementor-section-stretched elementor-section-height-default elementor-section-items-middle\" data-id=\"4f30926\" data-element_type=\"section\" data-e-type=\"section\" data-settings=\"{&quot;stretch_section&quot;:&quot;section-stretched&quot;,&quot;jet_parallax_layout_list&quot;:[],&quot;background_background&quot;:&quot;classic&quot;}\">\n\t\t\t\t\t\t\t<div class=\"elementor-background-overlay\"><\/div>\n\t\t\t\t\t\t\t<div class=\"elementor-container elementor-column-gap-default\">\n\t\t\t\t\t<div class=\"elementor-column elementor-col-100 elementor-top-column elementor-element elementor-element-1617951\" data-id=\"1617951\" data-element_type=\"column\" data-e-type=\"column\">\n\t\t\t<div class=\"elementor-widget-wrap elementor-element-populated\">\n\t\t\t\t\t\t<div class=\"elementor-element elementor-element-2ca8898a animated-slow elementor-invisible elementor-widget elementor-widget-heading\" data-id=\"2ca8898a\" data-element_type=\"widget\" data-e-type=\"widget\" data-settings=\"{&quot;_animation&quot;:&quot;fadeIn&quot;}\" data-widget_type=\"heading.default\">\n\t\t\t\t<div class=\"elementor-widget-container\">\n\t\t\t\t\t<h2 class=\"elementor-heading-title elementor-size-xl\">WE HAVE REGISTERED\nYOUR REQUEST<\/h2>\t\t\t\t<\/div>\n\t\t\t\t<\/div>\n\t\t\t\t<div class=\"elementor-element elementor-element-1e9d0355 animated-slow elementor-invisible elementor-widget elementor-widget-heading\" data-id=\"1e9d0355\" data-element_type=\"widget\" data-e-type=\"widget\" data-settings=\"{&quot;_animation&quot;:&quot;fadeIn&quot;}\" data-widget_type=\"heading.default\">\n\t\t\t\t<div class=\"elementor-widget-container\">\n\t\t\t\t\t<h2 class=\"elementor-heading-title elementor-size-large\">SEE YOU SOON!<\/h2>\t\t\t\t<\/div>\n\t\t\t\t<\/div>\n\t\t\t\t<div class=\"elementor-element elementor-element-6a239c46 elementor-invisible elementor-widget elementor-widget-image\" data-id=\"6a239c46\" data-element_type=\"widget\" data-e-type=\"widget\" data-settings=\"{&quot;_animation&quot;:&quot;bounceIn&quot;}\" data-widget_type=\"image.default\">\n\t\t\t\t<div class=\"elementor-widget-container\">\n\t\t\t\t\t\t\t\t\t\t\t\t\t\t\t<img fetchpriority=\"high\" decoding=\"async\" width=\"236\" height=\"300\" src=\"https:\/\/tenere-spirit-experience.com\/wp-content\/uploads\/2023\/01\/Patch-MBSM-TSE-236x300.png\" class=\"attachment-medium size-medium wp-image-3555\" alt=\"\" srcset=\"https:\/\/tenere-spirit-experience.com\/wp-content\/uploads\/2023\/01\/Patch-MBSM-TSE-236x300.png 236w, https:\/\/tenere-spirit-experience.com\/wp-content\/uploads\/2023\/01\/Patch-MBSM-TSE-804x1024.png 804w, https:\/\/tenere-spirit-experience.com\/wp-content\/uploads\/2023\/01\/Patch-MBSM-TSE-768x978.png 768w, https:\/\/tenere-spirit-experience.com\/wp-content\/uploads\/2023\/01\/Patch-MBSM-TSE-1206x1536.png 1206w, https:\/\/tenere-spirit-experience.com\/wp-content\/uploads\/2023\/01\/Patch-MBSM-TSE.png 1428w\" sizes=\"(max-width: 236px) 100vw, 236px\" \/>\t\t\t\t\t\t\t\t\t\t\t\t\t\t\t<\/div>\n\t\t\t\t<\/div>\n\t\t\t\t<div class=\"elementor-element elementor-element-5258356 elementor-align-center elementor-widget elementor-widget-button\" data-id=\"5258356\" data-element_type=\"widget\" data-e-type=\"widget\" data-widget_type=\"button.default\">\n\t\t\t\t<div class=\"elementor-widget-container\">\n\t\t\t\t\t\t\t\t\t<div class=\"elementor-button-wrapper\">\n\t\t\t\t\t<a class=\"elementor-button elementor-button-link elementor-size-sm\" href=\"https:\/\/tenere-spirit-experience.com\/en\/\">\n\t\t\t\t\t\t<span class=\"elementor-button-content-wrapper\">\n\t\t\t\t\t\t\t\t\t<span class=\"elementor-button-text\">Home<\/span>\n\t\t\t\t\t<\/span>\n\t\t\t\t\t<\/a>\n\t\t\t\t<\/div>\n\t\t\t\t\t\t\t\t<\/div>\n\t\t\t\t<\/div>\n\t\t\t\t\t<\/div>\n\t\t<\/div>\n\t\t\t\t\t<\/div>\n\t\t<\/section>\n\t\t\t\t<\/div>\n\t\t","protected":false},"excerpt":{"rendered":"<p>WE HAVE REGISTERED YOUR REQUEST SEE YOU SOON! Home<\/p>\n","protected":false},"author":1,"featured_media":0,"parent":0,"menu_order":0,"comment_status":"closed","ping_status":"closed","template":"","meta":{"_acf_changed":false,"site-sidebar-layout":"default","site-content-layout":"","ast-site-content-layout":"default","site-content-style":"default","site-sidebar-style":"default","ast-global-header-display":"","ast-banner-title-visibility":"","ast-main-header-display":"","ast-hfb-above-header-display":"","ast-hfb-below-header-display":"","ast-hfb-mobile-header-display":"","site-post-title":"","ast-breadcrumbs-content":"","ast-featured-img":"","footer-sml-layout":"","theme-transparent-header-meta":"","adv-header-id-meta":"","stick-header-meta":"","header-above-stick-meta":"","header-main-stick-meta":"","header-below-stick-meta":"","astra-migrate-meta-layouts":"default","ast-page-background-enabled":"default","ast-page-background-meta":{"desktop":{"background-color":"var(--ast-global-color-4)","background-image":"","background-repeat":"repeat","background-position":"center center","background-size":"auto","background-attachment":"scroll","background-type":"","background-media":"","overlay-type":"","overlay-color":"","overlay-opacity":"","overlay-gradient":""},"tablet":{"background-color":"","background-image":"","background-repeat":"repeat","background-position":"center center","background-size":"auto","background-attachment":"scroll","background-type":"","background-media":"","overlay-type":"","overlay-color":"","overlay-opacity":"","overlay-gradient":""},"mobile":{"background-color":"","background-image":"","background-repeat":"repeat","background-position":"center center","background-size":"auto","background-attachment":"scroll","background-type":"","background-media":"","overlay-type":"","overlay-color":"","overlay-opacity":"","overlay-gradient":""}},"ast-content-background-meta":{"desktop":{"background-color":"var(--ast-global-color-5)","background-image":"","background-repeat":"repeat","background-position":"center center","background-size":"auto","background-attachment":"scroll","background-type":"","background-media":"","overlay-type":"","overlay-color":"","overlay-opacity":"","overlay-gradient":""},"tablet":{"background-color":"var(--ast-global-color-5)","background-image":"","background-repeat":"repeat","background-position":"center center","background-size":"auto","background-attachment":"scroll","background-type":"","background-media":"","overlay-type":"","overlay-color":"","overlay-opacity":"","overlay-gradient":""},"mobile":{"background-color":"var(--ast-global-color-5)","background-image":"","background-repeat":"repeat","background-position":"center center","background-size":"auto","background-attachment":"scroll","background-type":"","background-media":"","overlay-type":"","overlay-color":"","overlay-opacity":"","overlay-gradient":""}},"footnotes":""},"class_list":["post-3964","page","type-page","status-publish","hentry"],"acf":[],"yoast_head":"<!-- This site is optimized with the Yoast SEO plugin v27.1.1 - https:\/\/yoast.com\/product\/yoast-seo-wordpress\/ -->\n<title>Registered request - T\u00e9n\u00e9r\u00e9 Spirit Experience<\/title>\n<meta name=\"robots\" content=\"index, follow, max-snippet:-1, max-image-preview:large, max-video-preview:-1\" \/>\n<link rel=\"canonical\" href=\"https:\/\/tenere-spirit-experience.com\/en\/registered-request\/\" \/>\n<meta property=\"og:locale\" content=\"en_US\" \/>\n<meta property=\"og:type\" content=\"article\" \/>\n<meta property=\"og:title\" content=\"Registered request - T\u00e9n\u00e9r\u00e9 Spirit Experience\" \/>\n<meta property=\"og:description\" content=\"WE HAVE REGISTERED YOUR REQUEST SEE YOU SOON! Home\" \/>\n<meta property=\"og:url\" content=\"https:\/\/tenere-spirit-experience.com\/en\/registered-request\/\" \/>\n<meta property=\"og:site_name\" content=\"T\u00e9n\u00e9r\u00e9 Spirit Experience\" \/>\n<meta property=\"article:modified_time\" content=\"2025-07-11T16:59:33+00:00\" \/>\n<meta property=\"og:image\" content=\"https:\/\/tenere-spirit-experience.com\/wp-content\/uploads\/2023\/01\/Patch-MBSM-TSE.png\" \/>\n\t<meta property=\"og:image:width\" content=\"1428\" \/>\n\t<meta property=\"og:image:height\" content=\"1818\" \/>\n\t<meta property=\"og:image:type\" content=\"image\/png\" \/>\n<meta name=\"twitter:card\" content=\"summary_large_image\" \/>\n<script type=\"application\/ld+json\" class=\"yoast-schema-graph\">{\"@context\":\"https:\/\/schema.org\",\"@graph\":[{\"@type\":\"WebPage\",\"@id\":\"https:\/\/tenere-spirit-experience.com\/en\/registered-request\/\",\"url\":\"https:\/\/tenere-spirit-experience.com\/en\/registered-request\/\",\"name\":\"Registered request - T\u00e9n\u00e9r\u00e9 Spirit Experience\",\"isPartOf\":{\"@id\":\"https:\/\/tenere-spirit-experience.com\/#website\"},\"primaryImageOfPage\":{\"@id\":\"https:\/\/tenere-spirit-experience.com\/en\/registered-request\/#primaryimage\"},\"image\":{\"@id\":\"https:\/\/tenere-spirit-experience.com\/en\/registered-request\/#primaryimage\"},\"thumbnailUrl\":\"https:\/\/tenere-spirit-experience.com\/wp-content\/uploads\/2023\/01\/Patch-MBSM-TSE-236x300.png\",\"datePublished\":\"2022-11-24T16:23:41+00:00\",\"dateModified\":\"2025-07-11T16:59:33+00:00\",\"breadcrumb\":{\"@id\":\"https:\/\/tenere-spirit-experience.com\/en\/registered-request\/#breadcrumb\"},\"inLanguage\":\"en-US\",\"potentialAction\":[{\"@type\":\"ReadAction\",\"target\":[\"https:\/\/tenere-spirit-experience.com\/en\/registered-request\/\"]}]},{\"@type\":\"ImageObject\",\"inLanguage\":\"en-US\",\"@id\":\"https:\/\/tenere-spirit-experience.com\/en\/registered-request\/#primaryimage\",\"url\":\"https:\/\/tenere-spirit-experience.com\/wp-content\/uploads\/2023\/01\/Patch-MBSM-TSE-236x300.png\",\"contentUrl\":\"https:\/\/tenere-spirit-experience.com\/wp-content\/uploads\/2023\/01\/Patch-MBSM-TSE-236x300.png\"},{\"@type\":\"BreadcrumbList\",\"@id\":\"https:\/\/tenere-spirit-experience.com\/en\/registered-request\/#breadcrumb\",\"itemListElement\":[{\"@type\":\"ListItem\",\"position\":1,\"name\":\"Home\",\"item\":\"https:\/\/tenere-spirit-experience.com\/en\/accueil-2025\/\"},{\"@type\":\"ListItem\",\"position\":2,\"name\":\"Registered request\"}]},{\"@type\":\"WebSite\",\"@id\":\"https:\/\/tenere-spirit-experience.com\/#website\",\"url\":\"https:\/\/tenere-spirit-experience.com\/\",\"name\":\"T\u00e9n\u00e9r\u00e9 Spirit Experience\",\"description\":\"Le Rallye Raid en immersion\",\"publisher\":{\"@id\":\"https:\/\/tenere-spirit-experience.com\/#organization\"},\"alternateName\":\"TSE-MBSM\",\"potentialAction\":[{\"@type\":\"SearchAction\",\"target\":{\"@type\":\"EntryPoint\",\"urlTemplate\":\"https:\/\/tenere-spirit-experience.com\/?s={search_term_string}\"},\"query-input\":{\"@type\":\"PropertyValueSpecification\",\"valueRequired\":true,\"valueName\":\"search_term_string\"}}],\"inLanguage\":\"en-US\"},{\"@type\":\"Organization\",\"@id\":\"https:\/\/tenere-spirit-experience.com\/#organization\",\"name\":\"T\u00e9n\u00e9r\u00e9 Spirit Experience\",\"alternateName\":\"TSE-MBSM\",\"url\":\"https:\/\/tenere-spirit-experience.com\/\",\"logo\":{\"@type\":\"ImageObject\",\"inLanguage\":\"en-US\",\"@id\":\"https:\/\/tenere-spirit-experience.com\/#\/schema\/logo\/image\/\",\"url\":\"https:\/\/tenere-spirit-experience.com\/wp-content\/uploads\/2022\/12\/Logo-YTSE-MBSM-4.png\",\"contentUrl\":\"https:\/\/tenere-spirit-experience.com\/wp-content\/uploads\/2022\/12\/Logo-YTSE-MBSM-4.png\",\"width\":3386,\"height\":574,\"caption\":\"T\u00e9n\u00e9r\u00e9 Spirit Experience\"},\"image\":{\"@id\":\"https:\/\/tenere-spirit-experience.com\/#\/schema\/logo\/image\/\"}}]}<\/script>\n<!-- \/ Yoast SEO plugin. -->","yoast_head_json":{"title":"Registered request - T\u00e9n\u00e9r\u00e9 Spirit Experience","robots":{"index":"index","follow":"follow","max-snippet":"max-snippet:-1","max-image-preview":"max-image-preview:large","max-video-preview":"max-video-preview:-1"},"canonical":"https:\/\/tenere-spirit-experience.com\/en\/registered-request\/","og_locale":"en_US","og_type":"article","og_title":"Registered request - T\u00e9n\u00e9r\u00e9 Spirit Experience","og_description":"WE HAVE REGISTERED YOUR REQUEST SEE YOU SOON! Home","og_url":"https:\/\/tenere-spirit-experience.com\/en\/registered-request\/","og_site_name":"T\u00e9n\u00e9r\u00e9 Spirit Experience","article_modified_time":"2025-07-11T16:59:33+00:00","og_image":[{"width":1428,"height":1818,"url":"https:\/\/tenere-spirit-experience.com\/wp-content\/uploads\/2023\/01\/Patch-MBSM-TSE.png","type":"image\/png"}],"twitter_card":"summary_large_image","schema":{"@context":"https:\/\/schema.org","@graph":[{"@type":"WebPage","@id":"https:\/\/tenere-spirit-experience.com\/en\/registered-request\/","url":"https:\/\/tenere-spirit-experience.com\/en\/registered-request\/","name":"Registered request - T\u00e9n\u00e9r\u00e9 Spirit Experience","isPartOf":{"@id":"https:\/\/tenere-spirit-experience.com\/#website"},"primaryImageOfPage":{"@id":"https:\/\/tenere-spirit-experience.com\/en\/registered-request\/#primaryimage"},"image":{"@id":"https:\/\/tenere-spirit-experience.com\/en\/registered-request\/#primaryimage"},"thumbnailUrl":"https:\/\/tenere-spirit-experience.com\/wp-content\/uploads\/2023\/01\/Patch-MBSM-TSE-236x300.png","datePublished":"2022-11-24T16:23:41+00:00","dateModified":"2025-07-11T16:59:33+00:00","breadcrumb":{"@id":"https:\/\/tenere-spirit-experience.com\/en\/registered-request\/#breadcrumb"},"inLanguage":"en-US","potentialAction":[{"@type":"ReadAction","target":["https:\/\/tenere-spirit-experience.com\/en\/registered-request\/"]}]},{"@type":"ImageObject","inLanguage":"en-US","@id":"https:\/\/tenere-spirit-experience.com\/en\/registered-request\/#primaryimage","url":"https:\/\/tenere-spirit-experience.com\/wp-content\/uploads\/2023\/01\/Patch-MBSM-TSE-236x300.png","contentUrl":"https:\/\/tenere-spirit-experience.com\/wp-content\/uploads\/2023\/01\/Patch-MBSM-TSE-236x300.png"},{"@type":"BreadcrumbList","@id":"https:\/\/tenere-spirit-experience.com\/en\/registered-request\/#breadcrumb","itemListElement":[{"@type":"ListItem","position":1,"name":"Home","item":"https:\/\/tenere-spirit-experience.com\/en\/accueil-2025\/"},{"@type":"ListItem","position":2,"name":"Registered request"}]},{"@type":"WebSite","@id":"https:\/\/tenere-spirit-experience.com\/#website","url":"https:\/\/tenere-spirit-experience.com\/","name":"T\u00e9n\u00e9r\u00e9 Spirit Experience","description":"Le Rallye Raid en immersion","publisher":{"@id":"https:\/\/tenere-spirit-experience.com\/#organization"},"alternateName":"TSE-MBSM","potentialAction":[{"@type":"SearchAction","target":{"@type":"EntryPoint","urlTemplate":"https:\/\/tenere-spirit-experience.com\/?s={search_term_string}"},"query-input":{"@type":"PropertyValueSpecification","valueRequired":true,"valueName":"search_term_string"}}],"inLanguage":"en-US"},{"@type":"Organization","@id":"https:\/\/tenere-spirit-experience.com\/#organization","name":"T\u00e9n\u00e9r\u00e9 Spirit Experience","alternateName":"TSE-MBSM","url":"https:\/\/tenere-spirit-experience.com\/","logo":{"@type":"ImageObject","inLanguage":"en-US","@id":"https:\/\/tenere-spirit-experience.com\/#\/schema\/logo\/image\/","url":"https:\/\/tenere-spirit-experience.com\/wp-content\/uploads\/2022\/12\/Logo-YTSE-MBSM-4.png","contentUrl":"https:\/\/tenere-spirit-experience.com\/wp-content\/uploads\/2022\/12\/Logo-YTSE-MBSM-4.png","width":3386,"height":574,"caption":"T\u00e9n\u00e9r\u00e9 Spirit Experience"},"image":{"@id":"https:\/\/tenere-spirit-experience.com\/#\/schema\/logo\/image\/"}}]}},"_links":{"self":[{"href":"https:\/\/tenere-spirit-experience.com\/en\/wp-json\/wp\/v2\/pages\/3964","targetHints":{"allow":["GET"]}}],"collection":[{"href":"https:\/\/tenere-spirit-experience.com\/en\/wp-json\/wp\/v2\/pages"}],"about":[{"href":"https:\/\/tenere-spirit-experience.com\/en\/wp-json\/wp\/v2\/types\/page"}],"author":[{"embeddable":true,"href":"https:\/\/tenere-spirit-experience.com\/en\/wp-json\/wp\/v2\/users\/1"}],"replies":[{"embeddable":true,"href":"https:\/\/tenere-spirit-experience.com\/en\/wp-json\/wp\/v2\/comments?post=3964"}],"version-history":[{"count":0,"href":"https:\/\/tenere-spirit-experience.com\/en\/wp-json\/wp\/v2\/pages\/3964\/revisions"}],"wp:attachment":[{"href":"https:\/\/tenere-spirit-experience.com\/en\/wp-json\/wp\/v2\/media?parent=3964"}],"curies":[{"name":"wp","href":"https:\/\/api.w.org\/{rel}","templated":true}]}}