{"id":3968,"date":"2023-03-01T14:54:40","date_gmt":"2023-03-01T13:54:40","guid":{"rendered":"https:\/\/tenere-spirit-experience.com\/evaluate-your-profile\/"},"modified":"2025-07-01T05:09:02","modified_gmt":"2025-07-01T03:09:02","slug":"evaluate-your-profile","status":"publish","type":"page","link":"https:\/\/tenere-spirit-experience.com\/en\/evaluate-your-profile\/","title":{"rendered":"Evaluate your riding profile"},"content":{"rendered":"\t\t<div data-elementor-type=\"wp-page\" data-elementor-id=\"3968\" class=\"elementor elementor-3968 elementor-1617\" data-elementor-post-type=\"page\">\n\t\t\t\t\t\t<section class=\"elementor-section elementor-top-section elementor-element elementor-element-0aea488 elementor-section-full_width elementor-section-stretched elementor-section-height-default elementor-section-height-default\" data-id=\"0aea488\" data-element_type=\"section\" data-e-type=\"section\" data-settings=\"{&quot;jet_parallax_layout_list&quot;:[],&quot;background_background&quot;:&quot;gradient&quot;,&quot;stretch_section&quot;:&quot;section-stretched&quot;}\">\n\t\t\t\t\t\t<div class=\"elementor-container elementor-column-gap-default\">\n\t\t\t\t\t<div class=\"elementor-column elementor-col-100 elementor-top-column elementor-element elementor-element-8805744\" data-id=\"8805744\" data-element_type=\"column\" data-e-type=\"column\">\n\t\t\t<div class=\"elementor-widget-wrap elementor-element-populated\">\n\t\t\t\t\t\t<div class=\"elementor-element elementor-element-c2e31e8 elementor-widget elementor-widget-heading\" data-id=\"c2e31e8\" data-element_type=\"widget\" data-e-type=\"widget\" data-widget_type=\"heading.default\">\n\t\t\t\t<div class=\"elementor-widget-container\">\n\t\t\t\t\t<h2 class=\"elementor-heading-title elementor-size-default\">\u00c9VALUEZ VOTRE PROFIL<\/h2>\t\t\t\t<\/div>\n\t\t\t\t<\/div>\n\t\t\t\t\t<\/div>\n\t\t<\/div>\n\t\t\t\t\t<\/div>\n\t\t<\/section>\n\t\t\t\t<section class=\"elementor-section elementor-top-section elementor-element elementor-element-3353607 elementor-section-stretched elementor-section-boxed elementor-section-height-default elementor-section-height-default\" data-id=\"3353607\" data-element_type=\"section\" data-e-type=\"section\" data-settings=\"{&quot;background_background&quot;:&quot;classic&quot;,&quot;jet_parallax_layout_list&quot;:[],&quot;stretch_section&quot;:&quot;section-stretched&quot;}\">\n\t\t\t\t\t\t<div class=\"elementor-container elementor-column-gap-default\">\n\t\t\t\t\t<div class=\"elementor-column elementor-col-100 elementor-top-column elementor-element elementor-element-d15084d\" data-id=\"d15084d\" data-element_type=\"column\" data-e-type=\"column\">\n\t\t\t<div class=\"elementor-widget-wrap elementor-element-populated\">\n\t\t\t\t\t\t<div class=\"elementor-element elementor-element-55dbf96 elementor-widget elementor-widget-text-editor\" data-id=\"55dbf96\" data-element_type=\"widget\" data-e-type=\"widget\" data-widget_type=\"text-editor.default\">\n\t\t\t\t<div class=\"elementor-widget-container\">\n\t\t\t\t\t\t\t\t\t<p class=\"x_MsoNormal\"><strong>Beginner, experienced or competitive rider?&nbsp;<\/strong><\/p>\n<p class=\"x_MsoNormal\">Answer our questionnaire to analyze your riding profile and help us understand your aims and ambitions.<\/p>\t\t\t\t\t\t\t\t<\/div>\n\t\t\t\t<\/div>\n\t\t\t\t\t<\/div>\n\t\t<\/div>\n\t\t\t\t\t<\/div>\n\t\t<\/section>\n\t\t\t\t<section class=\"elementor-section elementor-top-section elementor-element elementor-element-c630cff elementor-section-stretched elementor-section-boxed elementor-section-height-default elementor-section-height-default\" data-id=\"c630cff\" data-element_type=\"section\" data-e-type=\"section\" data-settings=\"{&quot;background_background&quot;:&quot;classic&quot;,&quot;jet_parallax_layout_list&quot;:[{&quot;_id&quot;:&quot;e61d4e1&quot;,&quot;jet_parallax_layout_image&quot;:{&quot;url&quot;:&quot;&quot;,&quot;id&quot;:&quot;&quot;,&quot;size&quot;:&quot;&quot;},&quot;jet_parallax_layout_image_tablet&quot;:{&quot;url&quot;:&quot;&quot;,&quot;id&quot;:&quot;&quot;,&quot;size&quot;:&quot;&quot;},&quot;jet_parallax_layout_image_mobile&quot;:{&quot;url&quot;:&quot;&quot;,&quot;id&quot;:&quot;&quot;,&quot;size&quot;:&quot;&quot;},&quot;jet_parallax_layout_speed&quot;:{&quot;unit&quot;:&quot;%&quot;,&quot;size&quot;:50,&quot;sizes&quot;:[]},&quot;jet_parallax_layout_type&quot;:&quot;scroll&quot;,&quot;jet_parallax_layout_direction&quot;:&quot;1&quot;,&quot;jet_parallax_layout_fx_direction&quot;:null,&quot;jet_parallax_layout_z_index&quot;:&quot;&quot;,&quot;jet_parallax_layout_bg_x&quot;:50,&quot;jet_parallax_layout_bg_x_tablet&quot;:&quot;&quot;,&quot;jet_parallax_layout_bg_x_mobile&quot;:&quot;&quot;,&quot;jet_parallax_layout_bg_y&quot;:50,&quot;jet_parallax_layout_bg_y_tablet&quot;:&quot;&quot;,&quot;jet_parallax_layout_bg_y_mobile&quot;:&quot;&quot;,&quot;jet_parallax_layout_bg_size&quot;:&quot;auto&quot;,&quot;jet_parallax_layout_bg_size_tablet&quot;:&quot;&quot;,&quot;jet_parallax_layout_bg_size_mobile&quot;:&quot;&quot;,&quot;jet_parallax_layout_animation_prop&quot;:&quot;transform&quot;,&quot;jet_parallax_layout_on&quot;:[&quot;desktop&quot;,&quot;tablet&quot;]}],&quot;stretch_section&quot;:&quot;section-stretched&quot;}\">\n\t\t\t\t\t\t\t<div class=\"elementor-background-overlay\"><\/div>\n\t\t\t\t\t\t\t<div class=\"elementor-container elementor-column-gap-default\">\n\t\t\t\t\t<div class=\"elementor-column elementor-col-100 elementor-top-column elementor-element elementor-element-00e20bc\" data-id=\"00e20bc\" data-element_type=\"column\" data-e-type=\"column\">\n\t\t\t<div class=\"elementor-widget-wrap\">\n\t\t\t\t\t\t\t<\/div>\n\t\t<\/div>\n\t\t\t\t\t<\/div>\n\t\t<\/section>\n\t\t\t\t<\/div>\n\t\t","protected":false},"excerpt":{"rendered":"<p>\u00c9VALUEZ VOTRE PROFIL Beginner, experienced or competitive rider?&nbsp; Answer our questionnaire to analyze your riding profile and help us understand [&hellip;]<\/p>\n","protected":false},"author":1,"featured_media":0,"parent":0,"menu_order":0,"comment_status":"closed","ping_status":"closed","template":"","meta":{"_acf_changed":false,"site-sidebar-layout":"default","site-content-layout":"","ast-site-content-layout":"default","site-content-style":"default","site-sidebar-style":"default","ast-global-header-display":"","ast-banner-title-visibility":"","ast-main-header-display":"","ast-hfb-above-header-display":"","ast-hfb-below-header-display":"","ast-hfb-mobile-header-display":"","site-post-title":"","ast-breadcrumbs-content":"","ast-featured-img":"","footer-sml-layout":"","theme-transparent-header-meta":"","adv-header-id-meta":"","stick-header-meta":"","header-above-stick-meta":"","header-main-stick-meta":"","header-below-stick-meta":"","astra-migrate-meta-layouts":"default","ast-page-background-enabled":"default","ast-page-background-meta":{"desktop":{"background-color":"var(--ast-global-color-4)","background-image":"","background-repeat":"repeat","background-position":"center center","background-size":"auto","background-attachment":"scroll","background-type":"","background-media":"","overlay-type":"","overlay-color":"","overlay-opacity":"","overlay-gradient":""},"tablet":{"background-color":"","background-image":"","background-repeat":"repeat","background-position":"center center","background-size":"auto","background-attachment":"scroll","background-type":"","background-media":"","overlay-type":"","overlay-color":"","overlay-opacity":"","overlay-gradient":""},"mobile":{"background-color":"","background-image":"","background-repeat":"repeat","background-position":"center center","background-size":"auto","background-attachment":"scroll","background-type":"","background-media":"","overlay-type":"","overlay-color":"","overlay-opacity":"","overlay-gradient":""}},"ast-content-background-meta":{"desktop":{"background-color":"var(--ast-global-color-5)","background-image":"","background-repeat":"repeat","background-position":"center center","background-size":"auto","background-attachment":"scroll","background-type":"","background-media":"","overlay-type":"","overlay-color":"","overlay-opacity":"","overlay-gradient":""},"tablet":{"background-color":"var(--ast-global-color-5)","background-image":"","background-repeat":"repeat","background-position":"center center","background-size":"auto","background-attachment":"scroll","background-type":"","background-media":"","overlay-type":"","overlay-color":"","overlay-opacity":"","overlay-gradient":""},"mobile":{"background-color":"var(--ast-global-color-5)","background-image":"","background-repeat":"repeat","background-position":"center center","background-size":"auto","background-attachment":"scroll","background-type":"","background-media":"","overlay-type":"","overlay-color":"","overlay-opacity":"","overlay-gradient":""}},"footnotes":""},"class_list":["post-3968","page","type-page","status-publish","hentry"],"acf":[],"yoast_head":"<!-- This site is optimized with the Yoast SEO plugin v27.1.1 - https:\/\/yoast.com\/product\/yoast-seo-wordpress\/ -->\n<title>Evaluate your riding profile - T\u00e9n\u00e9r\u00e9 Spirit Experience<\/title>\n<meta name=\"robots\" content=\"index, follow, max-snippet:-1, max-image-preview:large, max-video-preview:-1\" \/>\n<link rel=\"canonical\" href=\"https:\/\/tenere-spirit-experience.com\/evaluez-votre-profil\/\" \/>\n<meta property=\"og:locale\" content=\"en_US\" \/>\n<meta property=\"og:type\" content=\"article\" \/>\n<meta property=\"og:title\" content=\"Evaluate your riding profile - T\u00e9n\u00e9r\u00e9 Spirit Experience\" \/>\n<meta property=\"og:description\" content=\"\u00c9VALUEZ VOTRE PROFIL Beginner, experienced or competitive rider?&nbsp; Answer our questionnaire to analyze your riding profile and help us understand [&hellip;]\" \/>\n<meta property=\"og:url\" content=\"https:\/\/tenere-spirit-experience.com\/evaluez-votre-profil\/\" \/>\n<meta property=\"og:site_name\" content=\"T\u00e9n\u00e9r\u00e9 Spirit Experience\" \/>\n<meta property=\"article:modified_time\" content=\"2025-07-01T03:09:02+00:00\" \/>\n<meta name=\"twitter:card\" content=\"summary_large_image\" \/>\n<meta name=\"twitter:label1\" content=\"Est. reading time\" \/>\n\t<meta name=\"twitter:data1\" content=\"5 minutes\" \/>\n<script type=\"application\/ld+json\" class=\"yoast-schema-graph\">{\"@context\":\"https:\/\/schema.org\",\"@graph\":[{\"@type\":\"WebPage\",\"@id\":\"https:\/\/tenere-spirit-experience.com\/evaluez-votre-profil\/\",\"url\":\"https:\/\/tenere-spirit-experience.com\/evaluez-votre-profil\/\",\"name\":\"Evaluate your riding profile - T\u00e9n\u00e9r\u00e9 Spirit Experience\",\"isPartOf\":{\"@id\":\"https:\/\/tenere-spirit-experience.com\/#website\"},\"datePublished\":\"2023-03-01T13:54:40+00:00\",\"dateModified\":\"2025-07-01T03:09:02+00:00\",\"breadcrumb\":{\"@id\":\"https:\/\/tenere-spirit-experience.com\/evaluez-votre-profil\/#breadcrumb\"},\"inLanguage\":\"en-US\",\"potentialAction\":[{\"@type\":\"ReadAction\",\"target\":[\"https:\/\/tenere-spirit-experience.com\/evaluez-votre-profil\/\"]}]},{\"@type\":\"BreadcrumbList\",\"@id\":\"https:\/\/tenere-spirit-experience.com\/evaluez-votre-profil\/#breadcrumb\",\"itemListElement\":[{\"@type\":\"ListItem\",\"position\":1,\"name\":\"Home\",\"item\":\"https:\/\/tenere-spirit-experience.com\/en\/accueil-2025\/\"},{\"@type\":\"ListItem\",\"position\":2,\"name\":\"Evaluate your riding profile\"}]},{\"@type\":\"WebSite\",\"@id\":\"https:\/\/tenere-spirit-experience.com\/#website\",\"url\":\"https:\/\/tenere-spirit-experience.com\/\",\"name\":\"T\u00e9n\u00e9r\u00e9 Spirit Experience\",\"description\":\"Le Rallye Raid en immersion\",\"publisher\":{\"@id\":\"https:\/\/tenere-spirit-experience.com\/#organization\"},\"alternateName\":\"TSE-MBSM\",\"potentialAction\":[{\"@type\":\"SearchAction\",\"target\":{\"@type\":\"EntryPoint\",\"urlTemplate\":\"https:\/\/tenere-spirit-experience.com\/?s={search_term_string}\"},\"query-input\":{\"@type\":\"PropertyValueSpecification\",\"valueRequired\":true,\"valueName\":\"search_term_string\"}}],\"inLanguage\":\"en-US\"},{\"@type\":\"Organization\",\"@id\":\"https:\/\/tenere-spirit-experience.com\/#organization\",\"name\":\"T\u00e9n\u00e9r\u00e9 Spirit Experience\",\"alternateName\":\"TSE-MBSM\",\"url\":\"https:\/\/tenere-spirit-experience.com\/\",\"logo\":{\"@type\":\"ImageObject\",\"inLanguage\":\"en-US\",\"@id\":\"https:\/\/tenere-spirit-experience.com\/#\/schema\/logo\/image\/\",\"url\":\"https:\/\/tenere-spirit-experience.com\/wp-content\/uploads\/2022\/12\/Logo-YTSE-MBSM-4.png\",\"contentUrl\":\"https:\/\/tenere-spirit-experience.com\/wp-content\/uploads\/2022\/12\/Logo-YTSE-MBSM-4.png\",\"width\":3386,\"height\":574,\"caption\":\"T\u00e9n\u00e9r\u00e9 Spirit Experience\"},\"image\":{\"@id\":\"https:\/\/tenere-spirit-experience.com\/#\/schema\/logo\/image\/\"}}]}<\/script>\n<!-- \/ Yoast SEO plugin. -->","yoast_head_json":{"title":"Evaluate your riding profile - T\u00e9n\u00e9r\u00e9 Spirit Experience","robots":{"index":"index","follow":"follow","max-snippet":"max-snippet:-1","max-image-preview":"max-image-preview:large","max-video-preview":"max-video-preview:-1"},"canonical":"https:\/\/tenere-spirit-experience.com\/evaluez-votre-profil\/","og_locale":"en_US","og_type":"article","og_title":"Evaluate your riding profile - T\u00e9n\u00e9r\u00e9 Spirit Experience","og_description":"\u00c9VALUEZ VOTRE PROFIL Beginner, experienced or competitive rider?&nbsp; Answer our questionnaire to analyze your riding profile and help us understand [&hellip;]","og_url":"https:\/\/tenere-spirit-experience.com\/evaluez-votre-profil\/","og_site_name":"T\u00e9n\u00e9r\u00e9 Spirit Experience","article_modified_time":"2025-07-01T03:09:02+00:00","twitter_card":"summary_large_image","twitter_misc":{"Est. reading time":"5 minutes"},"schema":{"@context":"https:\/\/schema.org","@graph":[{"@type":"WebPage","@id":"https:\/\/tenere-spirit-experience.com\/evaluez-votre-profil\/","url":"https:\/\/tenere-spirit-experience.com\/evaluez-votre-profil\/","name":"Evaluate your riding profile - T\u00e9n\u00e9r\u00e9 Spirit Experience","isPartOf":{"@id":"https:\/\/tenere-spirit-experience.com\/#website"},"datePublished":"2023-03-01T13:54:40+00:00","dateModified":"2025-07-01T03:09:02+00:00","breadcrumb":{"@id":"https:\/\/tenere-spirit-experience.com\/evaluez-votre-profil\/#breadcrumb"},"inLanguage":"en-US","potentialAction":[{"@type":"ReadAction","target":["https:\/\/tenere-spirit-experience.com\/evaluez-votre-profil\/"]}]},{"@type":"BreadcrumbList","@id":"https:\/\/tenere-spirit-experience.com\/evaluez-votre-profil\/#breadcrumb","itemListElement":[{"@type":"ListItem","position":1,"name":"Home","item":"https:\/\/tenere-spirit-experience.com\/en\/accueil-2025\/"},{"@type":"ListItem","position":2,"name":"Evaluate your riding profile"}]},{"@type":"WebSite","@id":"https:\/\/tenere-spirit-experience.com\/#website","url":"https:\/\/tenere-spirit-experience.com\/","name":"T\u00e9n\u00e9r\u00e9 Spirit Experience","description":"Le Rallye Raid en immersion","publisher":{"@id":"https:\/\/tenere-spirit-experience.com\/#organization"},"alternateName":"TSE-MBSM","potentialAction":[{"@type":"SearchAction","target":{"@type":"EntryPoint","urlTemplate":"https:\/\/tenere-spirit-experience.com\/?s={search_term_string}"},"query-input":{"@type":"PropertyValueSpecification","valueRequired":true,"valueName":"search_term_string"}}],"inLanguage":"en-US"},{"@type":"Organization","@id":"https:\/\/tenere-spirit-experience.com\/#organization","name":"T\u00e9n\u00e9r\u00e9 Spirit Experience","alternateName":"TSE-MBSM","url":"https:\/\/tenere-spirit-experience.com\/","logo":{"@type":"ImageObject","inLanguage":"en-US","@id":"https:\/\/tenere-spirit-experience.com\/#\/schema\/logo\/image\/","url":"https:\/\/tenere-spirit-experience.com\/wp-content\/uploads\/2022\/12\/Logo-YTSE-MBSM-4.png","contentUrl":"https:\/\/tenere-spirit-experience.com\/wp-content\/uploads\/2022\/12\/Logo-YTSE-MBSM-4.png","width":3386,"height":574,"caption":"T\u00e9n\u00e9r\u00e9 Spirit Experience"},"image":{"@id":"https:\/\/tenere-spirit-experience.com\/#\/schema\/logo\/image\/"}}]}},"_links":{"self":[{"href":"https:\/\/tenere-spirit-experience.com\/en\/wp-json\/wp\/v2\/pages\/3968","targetHints":{"allow":["GET"]}}],"collection":[{"href":"https:\/\/tenere-spirit-experience.com\/en\/wp-json\/wp\/v2\/pages"}],"about":[{"href":"https:\/\/tenere-spirit-experience.com\/en\/wp-json\/wp\/v2\/types\/page"}],"author":[{"embeddable":true,"href":"https:\/\/tenere-spirit-experience.com\/en\/wp-json\/wp\/v2\/users\/1"}],"replies":[{"embeddable":true,"href":"https:\/\/tenere-spirit-experience.com\/en\/wp-json\/wp\/v2\/comments?post=3968"}],"version-history":[{"count":0,"href":"https:\/\/tenere-spirit-experience.com\/en\/wp-json\/wp\/v2\/pages\/3968\/revisions"}],"wp:attachment":[{"href":"https:\/\/tenere-spirit-experience.com\/en\/wp-json\/wp\/v2\/media?parent=3968"}],"curies":[{"name":"wp","href":"https:\/\/api.w.org\/{rel}","templated":true}]}}