{"id":3977,"date":"2022-11-10T15:11:48","date_gmt":"2022-11-10T14:11:48","guid":{"rendered":"https:\/\/tenere-spirit-experience.com\/legal-information\/"},"modified":"2025-06-03T09:39:51","modified_gmt":"2025-06-03T07:39:51","slug":"legal-information","status":"publish","type":"page","link":"https:\/\/tenere-spirit-experience.com\/en\/legal-information\/","title":{"rendered":"Legal information"},"content":{"rendered":"\t\t<div data-elementor-type=\"wp-page\" data-elementor-id=\"3977\" class=\"elementor elementor-3977 elementor-3\" data-elementor-post-type=\"page\">\n\t\t\t\t\t\t<section class=\"elementor-section elementor-top-section elementor-element elementor-element-d7d6435 elementor-section-full_width elementor-section-stretched elementor-section-height-default elementor-section-height-default\" data-id=\"d7d6435\" data-element_type=\"section\" data-e-type=\"section\" data-settings=\"{&quot;jet_parallax_layout_list&quot;:[],&quot;background_background&quot;:&quot;gradient&quot;,&quot;stretch_section&quot;:&quot;section-stretched&quot;}\">\n\t\t\t\t\t\t<div class=\"elementor-container elementor-column-gap-default\">\n\t\t\t\t\t<div class=\"elementor-column elementor-col-100 elementor-top-column elementor-element elementor-element-97fe6d3\" data-id=\"97fe6d3\" data-element_type=\"column\" data-e-type=\"column\">\n\t\t\t<div class=\"elementor-widget-wrap elementor-element-populated\">\n\t\t\t\t\t\t<div class=\"elementor-element elementor-element-6ec42a5 elementor-widget elementor-widget-heading\" data-id=\"6ec42a5\" data-element_type=\"widget\" data-e-type=\"widget\" data-widget_type=\"heading.default\">\n\t\t\t\t<div class=\"elementor-widget-container\">\n\t\t\t\t\t<h2 class=\"elementor-heading-title elementor-size-default\">MENTIONS L\u00c9GALES<\/h2>\t\t\t\t<\/div>\n\t\t\t\t<\/div>\n\t\t\t\t\t<\/div>\n\t\t<\/div>\n\t\t\t\t\t<\/div>\n\t\t<\/section>\n\t\t\t\t<section class=\"elementor-section elementor-top-section elementor-element elementor-element-375f03bf elementor-section-boxed elementor-section-height-default elementor-section-height-default\" data-id=\"375f03bf\" data-element_type=\"section\" data-e-type=\"section\" data-settings=\"{&quot;jet_parallax_layout_list&quot;:[]}\">\n\t\t\t\t\t\t<div class=\"elementor-container elementor-column-gap-default\">\n\t\t\t\t\t<div class=\"elementor-column elementor-col-100 elementor-top-column elementor-element elementor-element-1f7675e1\" data-id=\"1f7675e1\" data-element_type=\"column\" data-e-type=\"column\">\n\t\t\t<div class=\"elementor-widget-wrap elementor-element-populated\">\n\t\t\t\t\t\t<div class=\"elementor-element elementor-element-58231ecd elementor-widget elementor-widget-text-editor\" data-id=\"58231ecd\" data-element_type=\"widget\" data-e-type=\"widget\" data-widget_type=\"text-editor.default\">\n\t\t\t\t<div class=\"elementor-widget-container\">\n\t\t\t\t\t\t\t\t\t<p><\/p>\n<h2>Legal information<\/h2>\n<p><\/p>\n<p>The website https:\/\/yamaha-tenere-spirit-experience.com<\/p>\n<p>is edited and managed by :<\/p>\n<p>SASU MB SPORTMOTOR<br>Head office : Chabreyras &#8211; 63580 SAINT ETIENNE SUR USSON<\/p>\n<p>SASU with a capital of 700,00 euros<br>RCS CLERMONT FERRAND B 801 950 098<br>SIRET : 80195009800013  <br>Intracommunity VAT : FR46801950098<\/p>\n<p><strong>Public Director<\/strong><br>Marc Bourgeois<\/p>\n<p><strong>Host<br><\/strong>INFOMANIAK NETWORK SA<br>26, Avenue de la Praille &#8211; 1227 Carouge \/ Geneva &#8211; SWITZERLAND<br>Tel. : +41 22 820 35 44<br>Fax: +41 22 301 67 69<br>Email : contact@infomaniak.ch<br>Website : www.infomaniak.ch<\/p>\n<p><strong>Design<br><\/strong>www.so-logo.com<\/p>\n<p><strong>To contact us :<\/strong><br>Use our contact form<\/p>\n<p><strong>Treatment of your personal information<br><\/strong>In accordance with law n\u00b078-17 of January 6, 1978, the treatment of personal information was the subject of a preliminary declaration with the CNIL.<br>In accordance with article 27 of law n\u00b078-17 of January 6, 1978, the user is informed that the personal data that he communicates, in particular by filling the forms present on the site, could be transmitted.<\/p>\n<p>In accordance with article 34 of law n\u00b078-17 of January 6, 1978, the user has a right of access, modification, correction and suppression of the data concerning him by addressing his request to the address of the head office appearing above or by e-mail to: contact@tenere-spirit-experience.com<\/p>\n<p><strong>Contents and links<br><\/strong>MBSPORTMOTOR declines any responsibility as for the use which can be made of information diffused on its site. The content of the site may contain technical inaccuracies, typographical errors or omissions.<\/p>\n<p>This content may be changed or updated without notice.<\/p>\n<p>Any hypertext links on the yamaha-tenere-spirit-experience.com site that direct users to other Internet sites do not make MB SPORTMOTOR responsible for the content of the other sites.<\/p>\n<p>MB SPORTMOTOR cannot be held responsible for any direct or indirect damage resulting or consecutive to the diffusion by a third party of a virus through our site and likely to infect the computer system or the computer configuration of the user&#8217;s computer following a connection, use, browsing, downloading to this site.<\/p>\n<p>The site, its general structure, as well as the texts, images, animated or not, sounds, know-how, drawings, graphics, downloadable documents, iconographic representations and any other element composing the site, are the property of MB SPORTMOTOR. The same applies to the trademarks of MB SPORTMOTOR and its partners, as well as the logos appearing on the site.<\/p>\n<p><\/p>\n<p> <\/p>\n<p><\/p>\t\t\t\t\t\t\t\t<\/div>\n\t\t\t\t<\/div>\n\t\t\t\t\t<\/div>\n\t\t<\/div>\n\t\t\t\t\t<\/div>\n\t\t<\/section>\n\t\t\t\t<\/div>\n\t\t","protected":false},"excerpt":{"rendered":"<p>MENTIONS L\u00c9GALES Legal information The website https:\/\/yamaha-tenere-spirit-experience.com is edited and managed by : SASU MB SPORTMOTORHead office : Chabreyras &#8211; [&hellip;]<\/p>\n","protected":false},"author":1,"featured_media":0,"parent":0,"menu_order":0,"comment_status":"closed","ping_status":"open","template":"","meta":{"_acf_changed":false,"site-sidebar-layout":"default","site-content-layout":"","ast-site-content-layout":"default","site-content-style":"default","site-sidebar-style":"default","ast-global-header-display":"","ast-banner-title-visibility":"","ast-main-header-display":"","ast-hfb-above-header-display":"","ast-hfb-below-header-display":"","ast-hfb-mobile-header-display":"","site-post-title":"","ast-breadcrumbs-content":"","ast-featured-img":"","footer-sml-layout":"","theme-transparent-header-meta":"","adv-header-id-meta":"","stick-header-meta":"","header-above-stick-meta":"","header-main-stick-meta":"","header-below-stick-meta":"","astra-migrate-meta-layouts":"default","ast-page-background-enabled":"default","ast-page-background-meta":{"desktop":{"background-color":"var(--ast-global-color-4)","background-image":"","background-repeat":"repeat","background-position":"center center","background-size":"auto","background-attachment":"scroll","background-type":"","background-media":"","overlay-type":"","overlay-color":"","overlay-opacity":"","overlay-gradient":""},"tablet":{"background-color":"","background-image":"","background-repeat":"repeat","background-position":"center center","background-size":"auto","background-attachment":"scroll","background-type":"","background-media":"","overlay-type":"","overlay-color":"","overlay-opacity":"","overlay-gradient":""},"mobile":{"background-color":"","background-image":"","background-repeat":"repeat","background-position":"center center","background-size":"auto","background-attachment":"scroll","background-type":"","background-media":"","overlay-type":"","overlay-color":"","overlay-opacity":"","overlay-gradient":""}},"ast-content-background-meta":{"desktop":{"background-color":"var(--ast-global-color-5)","background-image":"","background-repeat":"repeat","background-position":"center center","background-size":"auto","background-attachment":"scroll","background-type":"","background-media":"","overlay-type":"","overlay-color":"","overlay-opacity":"","overlay-gradient":""},"tablet":{"background-color":"var(--ast-global-color-5)","background-image":"","background-repeat":"repeat","background-position":"center center","background-size":"auto","background-attachment":"scroll","background-type":"","background-media":"","overlay-type":"","overlay-color":"","overlay-opacity":"","overlay-gradient":""},"mobile":{"background-color":"var(--ast-global-color-5)","background-image":"","background-repeat":"repeat","background-position":"center center","background-size":"auto","background-attachment":"scroll","background-type":"","background-media":"","overlay-type":"","overlay-color":"","overlay-opacity":"","overlay-gradient":""}},"footnotes":""},"class_list":["post-3977","page","type-page","status-publish","hentry"],"acf":[],"yoast_head":"<!-- This site is optimized with the Yoast SEO plugin v27.1.1 - https:\/\/yoast.com\/product\/yoast-seo-wordpress\/ -->\n<title>Legal information - T\u00e9n\u00e9r\u00e9 Spirit Experience<\/title>\n<meta name=\"robots\" content=\"index, follow, max-snippet:-1, max-image-preview:large, max-video-preview:-1\" \/>\n<link rel=\"canonical\" href=\"https:\/\/tenere-spirit-experience.com\/en\/legal-information\/\" \/>\n<meta property=\"og:locale\" content=\"en_US\" \/>\n<meta property=\"og:type\" content=\"article\" \/>\n<meta property=\"og:title\" content=\"Legal information - T\u00e9n\u00e9r\u00e9 Spirit Experience\" \/>\n<meta property=\"og:description\" content=\"MENTIONS L\u00c9GALES Legal information The website https:\/\/yamaha-tenere-spirit-experience.com is edited and managed by : SASU MB SPORTMOTORHead office : Chabreyras &#8211; [&hellip;]\" \/>\n<meta property=\"og:url\" content=\"https:\/\/tenere-spirit-experience.com\/en\/legal-information\/\" \/>\n<meta property=\"og:site_name\" content=\"T\u00e9n\u00e9r\u00e9 Spirit Experience\" \/>\n<meta property=\"article:modified_time\" content=\"2025-06-03T07:39:51+00:00\" \/>\n<meta name=\"twitter:card\" content=\"summary_large_image\" \/>\n<meta name=\"twitter:label1\" content=\"Est. reading time\" \/>\n\t<meta name=\"twitter:data1\" content=\"2 minutes\" \/>\n<script type=\"application\/ld+json\" class=\"yoast-schema-graph\">{\"@context\":\"https:\/\/schema.org\",\"@graph\":[{\"@type\":\"WebPage\",\"@id\":\"https:\/\/tenere-spirit-experience.com\/en\/legal-information\/\",\"url\":\"https:\/\/tenere-spirit-experience.com\/en\/legal-information\/\",\"name\":\"Legal information - T\u00e9n\u00e9r\u00e9 Spirit Experience\",\"isPartOf\":{\"@id\":\"https:\/\/tenere-spirit-experience.com\/#website\"},\"datePublished\":\"2022-11-10T14:11:48+00:00\",\"dateModified\":\"2025-06-03T07:39:51+00:00\",\"breadcrumb\":{\"@id\":\"https:\/\/tenere-spirit-experience.com\/en\/legal-information\/#breadcrumb\"},\"inLanguage\":\"en-US\",\"potentialAction\":[{\"@type\":\"ReadAction\",\"target\":[\"https:\/\/tenere-spirit-experience.com\/en\/legal-information\/\"]}]},{\"@type\":\"BreadcrumbList\",\"@id\":\"https:\/\/tenere-spirit-experience.com\/en\/legal-information\/#breadcrumb\",\"itemListElement\":[{\"@type\":\"ListItem\",\"position\":1,\"name\":\"Home\",\"item\":\"https:\/\/tenere-spirit-experience.com\/en\/accueil-2025\/\"},{\"@type\":\"ListItem\",\"position\":2,\"name\":\"Legal information\"}]},{\"@type\":\"WebSite\",\"@id\":\"https:\/\/tenere-spirit-experience.com\/#website\",\"url\":\"https:\/\/tenere-spirit-experience.com\/\",\"name\":\"T\u00e9n\u00e9r\u00e9 Spirit Experience\",\"description\":\"Le Rallye Raid en immersion\",\"publisher\":{\"@id\":\"https:\/\/tenere-spirit-experience.com\/#organization\"},\"alternateName\":\"TSE-MBSM\",\"potentialAction\":[{\"@type\":\"SearchAction\",\"target\":{\"@type\":\"EntryPoint\",\"urlTemplate\":\"https:\/\/tenere-spirit-experience.com\/?s={search_term_string}\"},\"query-input\":{\"@type\":\"PropertyValueSpecification\",\"valueRequired\":true,\"valueName\":\"search_term_string\"}}],\"inLanguage\":\"en-US\"},{\"@type\":\"Organization\",\"@id\":\"https:\/\/tenere-spirit-experience.com\/#organization\",\"name\":\"T\u00e9n\u00e9r\u00e9 Spirit Experience\",\"alternateName\":\"TSE-MBSM\",\"url\":\"https:\/\/tenere-spirit-experience.com\/\",\"logo\":{\"@type\":\"ImageObject\",\"inLanguage\":\"en-US\",\"@id\":\"https:\/\/tenere-spirit-experience.com\/#\/schema\/logo\/image\/\",\"url\":\"https:\/\/tenere-spirit-experience.com\/wp-content\/uploads\/2022\/12\/Logo-YTSE-MBSM-4.png\",\"contentUrl\":\"https:\/\/tenere-spirit-experience.com\/wp-content\/uploads\/2022\/12\/Logo-YTSE-MBSM-4.png\",\"width\":3386,\"height\":574,\"caption\":\"T\u00e9n\u00e9r\u00e9 Spirit Experience\"},\"image\":{\"@id\":\"https:\/\/tenere-spirit-experience.com\/#\/schema\/logo\/image\/\"}}]}<\/script>\n<!-- \/ Yoast SEO plugin. -->","yoast_head_json":{"title":"Legal information - T\u00e9n\u00e9r\u00e9 Spirit Experience","robots":{"index":"index","follow":"follow","max-snippet":"max-snippet:-1","max-image-preview":"max-image-preview:large","max-video-preview":"max-video-preview:-1"},"canonical":"https:\/\/tenere-spirit-experience.com\/en\/legal-information\/","og_locale":"en_US","og_type":"article","og_title":"Legal information - T\u00e9n\u00e9r\u00e9 Spirit Experience","og_description":"MENTIONS L\u00c9GALES Legal information The website https:\/\/yamaha-tenere-spirit-experience.com is edited and managed by : SASU MB SPORTMOTORHead office : Chabreyras &#8211; [&hellip;]","og_url":"https:\/\/tenere-spirit-experience.com\/en\/legal-information\/","og_site_name":"T\u00e9n\u00e9r\u00e9 Spirit Experience","article_modified_time":"2025-06-03T07:39:51+00:00","twitter_card":"summary_large_image","twitter_misc":{"Est. reading time":"2 minutes"},"schema":{"@context":"https:\/\/schema.org","@graph":[{"@type":"WebPage","@id":"https:\/\/tenere-spirit-experience.com\/en\/legal-information\/","url":"https:\/\/tenere-spirit-experience.com\/en\/legal-information\/","name":"Legal information - T\u00e9n\u00e9r\u00e9 Spirit Experience","isPartOf":{"@id":"https:\/\/tenere-spirit-experience.com\/#website"},"datePublished":"2022-11-10T14:11:48+00:00","dateModified":"2025-06-03T07:39:51+00:00","breadcrumb":{"@id":"https:\/\/tenere-spirit-experience.com\/en\/legal-information\/#breadcrumb"},"inLanguage":"en-US","potentialAction":[{"@type":"ReadAction","target":["https:\/\/tenere-spirit-experience.com\/en\/legal-information\/"]}]},{"@type":"BreadcrumbList","@id":"https:\/\/tenere-spirit-experience.com\/en\/legal-information\/#breadcrumb","itemListElement":[{"@type":"ListItem","position":1,"name":"Home","item":"https:\/\/tenere-spirit-experience.com\/en\/accueil-2025\/"},{"@type":"ListItem","position":2,"name":"Legal information"}]},{"@type":"WebSite","@id":"https:\/\/tenere-spirit-experience.com\/#website","url":"https:\/\/tenere-spirit-experience.com\/","name":"T\u00e9n\u00e9r\u00e9 Spirit Experience","description":"Le Rallye Raid en immersion","publisher":{"@id":"https:\/\/tenere-spirit-experience.com\/#organization"},"alternateName":"TSE-MBSM","potentialAction":[{"@type":"SearchAction","target":{"@type":"EntryPoint","urlTemplate":"https:\/\/tenere-spirit-experience.com\/?s={search_term_string}"},"query-input":{"@type":"PropertyValueSpecification","valueRequired":true,"valueName":"search_term_string"}}],"inLanguage":"en-US"},{"@type":"Organization","@id":"https:\/\/tenere-spirit-experience.com\/#organization","name":"T\u00e9n\u00e9r\u00e9 Spirit Experience","alternateName":"TSE-MBSM","url":"https:\/\/tenere-spirit-experience.com\/","logo":{"@type":"ImageObject","inLanguage":"en-US","@id":"https:\/\/tenere-spirit-experience.com\/#\/schema\/logo\/image\/","url":"https:\/\/tenere-spirit-experience.com\/wp-content\/uploads\/2022\/12\/Logo-YTSE-MBSM-4.png","contentUrl":"https:\/\/tenere-spirit-experience.com\/wp-content\/uploads\/2022\/12\/Logo-YTSE-MBSM-4.png","width":3386,"height":574,"caption":"T\u00e9n\u00e9r\u00e9 Spirit Experience"},"image":{"@id":"https:\/\/tenere-spirit-experience.com\/#\/schema\/logo\/image\/"}}]}},"_links":{"self":[{"href":"https:\/\/tenere-spirit-experience.com\/en\/wp-json\/wp\/v2\/pages\/3977","targetHints":{"allow":["GET"]}}],"collection":[{"href":"https:\/\/tenere-spirit-experience.com\/en\/wp-json\/wp\/v2\/pages"}],"about":[{"href":"https:\/\/tenere-spirit-experience.com\/en\/wp-json\/wp\/v2\/types\/page"}],"author":[{"embeddable":true,"href":"https:\/\/tenere-spirit-experience.com\/en\/wp-json\/wp\/v2\/users\/1"}],"replies":[{"embeddable":true,"href":"https:\/\/tenere-spirit-experience.com\/en\/wp-json\/wp\/v2\/comments?post=3977"}],"version-history":[{"count":0,"href":"https:\/\/tenere-spirit-experience.com\/en\/wp-json\/wp\/v2\/pages\/3977\/revisions"}],"wp:attachment":[{"href":"https:\/\/tenere-spirit-experience.com\/en\/wp-json\/wp\/v2\/media?parent=3977"}],"curies":[{"name":"wp","href":"https:\/\/api.w.org\/{rel}","templated":true}]}}